{"id":777,"date":"2021-02-03T14:00:51","date_gmt":"2021-02-03T14:00:51","guid":{"rendered":"https:\/\/adhd-women.eu\/?page_id=777"},"modified":"2021-02-05T15:03:04","modified_gmt":"2021-02-05T15:03:04","slug":"symptome-2","status":"publish","type":"page","link":"https:\/\/adhd-women.eu\/de\/adhs-bei-frauen\/symptome-2\/","title":{"rendered":"Symptome"},"content":{"rendered":"\n<h4><strong>Chaos, Gef\u00fchlsausbr\u00fcche, Vergesslichkeit, Beziehungs- und Arbeitsst\u00f6rungen<\/strong><\/h4>\n\n\n\n<p>&#8230; k\u00f6nnen Symptome einer ADHS (Aufmerksamkeits-Defizit-Hyperaktivit\u00e4tsst\u00f6rung) sein. Es ist im Allgemeinen wenig bekannt, dass ADHS \u2013 fr\u00fcher Hyperaktivit\u00e4t genannt &#8211; die h\u00e4ufigste Erkrankung des Kindes- und Jugendalters ist.<\/p>\n\n\n\n<p>Bei \u00fcber der H\u00e4lfte der betroffenen Erwachsenen zeigen sich auch sp\u00e4ter noch deutliche Symptome und Auswirkungen. Die Betroffenen leiden weiterhin unter der Schwierigkeit sich zu konzentrieren und zu organisieren. Schnell und ungewollt schaffen sie in ihrer Umgebung Chaos und verlieren den \u00dcberblick. Sie reagieren meist heftig und ungest\u00fcm und handeln nicht selten aus dem Moment heraus, ohne die Konsequenzen ihres Handelns zu bedenken. Stimmungsm\u00e4\u00dfig fahren sie h\u00e4ufig Achterbahn \u2013 \u00bbhimmelhoch jauchzend &#8211; zu Tode betr\u00fcbt\u00ab.<\/p>\n\n\n\n<p>So k\u00f6nnen sie sich \u00fcberm\u00e4\u00dfig freuen, aber auch schon bei geringen Kr\u00e4nkungen in seelische Tiefen st\u00fcrzen. Schon kleinste \u00c4rgernisse k\u00f6nnen bei ihnen zu heftigen Wutanf\u00e4llen oder Gereiztheit f\u00fchren und so sind sie nicht selten Menschen mit zwei Gesichtern: man kann auf der einen Seite von ihnen alles haben, wenn sie gut gelaunt sind. Wenn sie andererseits unter Stress oder Anspannung stehen, k\u00f6nnen sie aufbrausend, j\u00e4hzornig und verletzend werden.<\/p>\n\n\n\n<p>Die st\u00e4ndigen Stimmungsschwankungen, die mangelnde Organisationsf\u00e4higkeit (Chaosprinzessinnen), die Impulsivit\u00e4t (HB-M\u00e4nnchen, Hitzeblitze) f\u00fchren zu erheblichen Problemen in Beziehungen und am Arbeitsplatz. Nicht selten entwickelt sich daraus eine Chronologie des Scheiterns, und es treten in dieser Gruppe gegen\u00fcber der Normalbev\u00f6lkerung vermehrt Suchterkrankungen, \u00c4ngste und Depressionen auf.<\/p>\n\n\n\n<p>Unerkannt gleicht die ADHS einem Phantom, das sich durch das gesamte Leben zieht und das sehr zerst\u00f6rerisch sein kann. Wenn dieses Phantom als ADHS erkannt wird, k\u00f6nnen Betroffene wirkungsvolle Hilfe in Anspruch nehmen und lernen mit diesen Schwierigkeiten umzugehen.<\/p>\n\n\n\n<p>Weitere Infos zu den Symptomen einer ADHS unter <a href=\"http:\/\/www.adhs-deutschland.de\/Portaldata\/1\/Resources\/pdf\/4_e_infobroschueren\/Broschuere_2_neu-Adresse_2018.pdf\">http:\/\/www.adhs-deutschland.de\/Portaldata\/1\/Resources\/pdf\/4_e_infobroschueren\/Broschuere_2_neu-Adresse_2018.pdf<\/a><\/p>\n\n\n\n<p><strong>Autor: Dr. Astrid Neuy-Lobkowicz<\/strong><\/p>\n<div class=\"sharedaddy sd-sharing-enabled\"><div class=\"robots-nocontent sd-block sd-social sd-social-official sd-sharing\"><div class=\"sd-content\"><ul><li class=\"share-twitter\"><a href=\"https:\/\/twitter.com\/share\" class=\"twitter-share-button\" data-url=\"https:\/\/adhd-women.eu\/de\/adhs-bei-frauen\/symptome-2\/\" data-text=\"Symptome\" data-via=\"WomenADHD\" >Tweet<\/a><\/li><li class=\"share-facebook\"><div class=\"fb-share-button\" data-href=\"https:\/\/adhd-women.eu\/de\/adhs-bei-frauen\/symptome-2\/\" data-layout=\"button_count\"><\/div><\/li><li class=\"share-linkedin\"><div class=\"linkedin_button\"><script type=\"in\/share\" data-url=\"https:\/\/adhd-women.eu\/de\/adhs-bei-frauen\/symptome-2\/\" data-counter=\"right\"><\/script><\/div><\/li><li class=\"share-reddit\"><div class=\"reddit_button\"><iframe src=\"https:\/\/www.reddit.com\/static\/button\/button1.html?newwindow=true&width=120&amp;url=https%3A%2F%2Fadhd-women.eu%2Fde%2Fadhs-bei-frauen%2Fsymptome-2%2F&amp;title=Symptome\" height=\"22\" width=\"120\" scrolling=\"no\" frameborder=\"0\"><\/iframe><\/div><\/li><li><a href=\"#\" class=\"sharing-anchor sd-button share-more\"><span>Mehr<\/span><\/a><\/li><li class=\"share-end\"><\/li><\/ul><div class=\"sharing-hidden\"><div class=\"inner\" style=\"display: none;\"><ul><li class=\"share-pinterest\"><div class=\"pinterest_button\"><a href=\"https:\/\/www.pinterest.com\/pin\/create\/button\/?url=https%3A%2F%2Fadhd-women.eu%2Fde%2Fadhs-bei-frauen%2Fsymptome-2%2F&#038;media=https%3A%2F%2Fadhd-women.eu%2Fwp-content%2Fuploads%2F2020%2F10%2Fcropped-ADHD-in-Women-2-150x150.png&#038;description=Symptome\" data-pin-do=\"buttonPin\" data-pin-config=\"beside\"><img src=\"\/\/assets.pinterest.com\/images\/pidgets\/pinit_fg_en_rect_gray_20.png\" \/><\/a><\/div><\/li><li class=\"share-tumblr\"><a class=\"tumblr-share-button\" target=\"_blank\" href=\"https:\/\/www.tumblr.com\/share\" data-title=\"Symptome\" data-content=\"https:\/\/adhd-women.eu\/de\/adhs-bei-frauen\/symptome-2\/\" title=\"Auf Tumblr teilen\"data-posttype=\"link\">Auf Tumblr teilen<\/a><\/li><li class=\"share-end\"><\/li><li class=\"share-jetpack-whatsapp\"><a rel=\"nofollow noopener noreferrer\" data-shared=\"\" class=\"share-jetpack-whatsapp sd-button\" href=\"https:\/\/adhd-women.eu\/de\/adhs-bei-frauen\/symptome-2\/?share=jetpack-whatsapp\" target=\"_blank\" title=\"Klicken, um auf WhatsApp zu teilen\"><span>WhatsApp<\/span><\/a><\/li><li class=\"share-email\"><a rel=\"nofollow noopener noreferrer\" data-shared=\"\" class=\"share-email sd-button\" href=\"https:\/\/adhd-women.eu\/de\/adhs-bei-frauen\/symptome-2\/?share=email\" target=\"_blank\" title=\"Klick, um dies einem Freund per E-Mail zu senden\"><span>E-Mail<\/span><\/a><\/li><li class=\"share-end\"><\/li><li class=\"share-end\"><\/li><\/ul><\/div><\/div><\/div><\/div><\/div>","protected":false},"excerpt":{"rendered":"<p>Chaos, Gef\u00fchlsausbr\u00fcche, Vergesslichkeit, Beziehungs- und Arbeitsst\u00f6rungen &#8230; k\u00f6nnen Symptome einer ADHS (Aufmerksamkeits-Defizit-Hyperaktivit\u00e4tsst\u00f6rung) sein. Es ist im Allgemeinen wenig bekannt, dass ADHS \u2013 fr\u00fcher Hyperaktivit\u00e4t genannt &#8211; die h\u00e4ufigste Erkrankung des Kindes- und Jugendalters ist. Bei \u00fcber der H\u00e4lfte der betroffenen Erwachsenen zeigen sich auch sp\u00e4ter noch deutliche Symptome und Auswirkungen. Die Betroffenen leiden weiterhin unter&hellip;&nbsp;<\/p>\n<div class=\"read-more-wrapper\" style=\"padding: 10px 0 0;\"><a href=\"https:\/\/adhd-women.eu\/de\/adhs-bei-frauen\/symptome-2\/\" class=\"button button-primary\" rel=\"bookmark\">Weiterlesen &raquo;<span class=\"screen-reader-text\">Symptome<\/span><\/a><\/div>\n<div class=\"sharedaddy sd-sharing-enabled\"><div class=\"robots-nocontent sd-block sd-social sd-social-official sd-sharing\"><div class=\"sd-content\"><ul><li class=\"share-twitter\"><a href=\"https:\/\/twitter.com\/share\" class=\"twitter-share-button\" data-url=\"https:\/\/adhd-women.eu\/de\/adhs-bei-frauen\/symptome-2\/\" data-text=\"Symptome\" data-via=\"WomenADHD\" >Tweet<\/a><\/li><li class=\"share-facebook\"><div class=\"fb-share-button\" data-href=\"https:\/\/adhd-women.eu\/de\/adhs-bei-frauen\/symptome-2\/\" data-layout=\"button_count\"><\/div><\/li><li class=\"share-linkedin\"><div class=\"linkedin_button\"><script type=\"in\/share\" data-url=\"https:\/\/adhd-women.eu\/de\/adhs-bei-frauen\/symptome-2\/\" data-counter=\"right\"><\/script><\/div><\/li><li class=\"share-reddit\"><div class=\"reddit_button\"><iframe src=\"https:\/\/www.reddit.com\/static\/button\/button1.html?newwindow=true&width=120&amp;url=https%3A%2F%2Fadhd-women.eu%2Fde%2Fadhs-bei-frauen%2Fsymptome-2%2F&amp;title=Symptome\" height=\"22\" width=\"120\" scrolling=\"no\" frameborder=\"0\"><\/iframe><\/div><\/li><li><a href=\"#\" class=\"sharing-anchor sd-button share-more\"><span>Mehr<\/span><\/a><\/li><li class=\"share-end\"><\/li><\/ul><div class=\"sharing-hidden\"><div class=\"inner\" style=\"display: none;\"><ul><li class=\"share-pinterest\"><div class=\"pinterest_button\"><a href=\"https:\/\/www.pinterest.com\/pin\/create\/button\/?url=https%3A%2F%2Fadhd-women.eu%2Fde%2Fadhs-bei-frauen%2Fsymptome-2%2F&#038;media=https%3A%2F%2Fadhd-women.eu%2Fwp-content%2Fuploads%2F2020%2F10%2Fcropped-ADHD-in-Women-2-150x150.png&#038;description=Symptome\" data-pin-do=\"buttonPin\" data-pin-config=\"beside\"><img src=\"\/\/assets.pinterest.com\/images\/pidgets\/pinit_fg_en_rect_gray_20.png\" \/><\/a><\/div><\/li><li class=\"share-tumblr\"><a class=\"tumblr-share-button\" target=\"_blank\" href=\"https:\/\/www.tumblr.com\/share\" data-title=\"Symptome\" data-content=\"https:\/\/adhd-women.eu\/de\/adhs-bei-frauen\/symptome-2\/\" title=\"Auf Tumblr teilen\"data-posttype=\"link\">Auf Tumblr teilen<\/a><\/li><li class=\"share-end\"><\/li><li class=\"share-jetpack-whatsapp\"><a rel=\"nofollow noopener noreferrer\" data-shared=\"\" class=\"share-jetpack-whatsapp sd-button\" href=\"https:\/\/adhd-women.eu\/de\/adhs-bei-frauen\/symptome-2\/?share=jetpack-whatsapp\" target=\"_blank\" title=\"Klicken, um auf WhatsApp zu teilen\"><span>WhatsApp<\/span><\/a><\/li><li class=\"share-email\"><a rel=\"nofollow noopener noreferrer\" data-shared=\"\" class=\"share-email sd-button\" href=\"https:\/\/adhd-women.eu\/de\/adhs-bei-frauen\/symptome-2\/?share=email\" target=\"_blank\" title=\"Klick, um dies einem Freund per E-Mail zu senden\"><span>E-Mail<\/span><\/a><\/li><li class=\"share-end\"><\/li><li class=\"share-end\"><\/li><\/ul><\/div><\/div><\/div><\/div><\/div>","protected":false},"author":1,"featured_media":0,"parent":780,"menu_order":0,"comment_status":"closed","ping_status":"closed","template":"","meta":{"neve_meta_sidebar":"full-width","neve_meta_container":"","neve_meta_enable_content_width":"on","neve_meta_content_width":100,"neve_meta_title_alignment":"","neve_meta_author_avatar":"","neve_post_elements_order":"","neve_meta_disable_header":"","neve_meta_disable_footer":"","neve_meta_disable_title":"","neve_meta_reading_time":"","_ti_tpc_template_sync":false,"_ti_tpc_template_id":"","spay_email":""},"jetpack_sharing_enabled":true,"_links":{"self":[{"href":"https:\/\/adhd-women.eu\/de\/wp-json\/wp\/v2\/pages\/777"}],"collection":[{"href":"https:\/\/adhd-women.eu\/de\/wp-json\/wp\/v2\/pages"}],"about":[{"href":"https:\/\/adhd-women.eu\/de\/wp-json\/wp\/v2\/types\/page"}],"author":[{"embeddable":true,"href":"https:\/\/adhd-women.eu\/de\/wp-json\/wp\/v2\/users\/1"}],"replies":[{"embeddable":true,"href":"https:\/\/adhd-women.eu\/de\/wp-json\/wp\/v2\/comments?post=777"}],"version-history":[{"count":2,"href":"https:\/\/adhd-women.eu\/de\/wp-json\/wp\/v2\/pages\/777\/revisions"}],"predecessor-version":[{"id":779,"href":"https:\/\/adhd-women.eu\/de\/wp-json\/wp\/v2\/pages\/777\/revisions\/779"}],"up":[{"embeddable":true,"href":"https:\/\/adhd-women.eu\/de\/wp-json\/wp\/v2\/pages\/780"}],"wp:attachment":[{"href":"https:\/\/adhd-women.eu\/de\/wp-json\/wp\/v2\/media?parent=777"}],"curies":[{"name":"wp","href":"https:\/\/api.w.org\/{rel}","templated":true}]}}