{"id":784,"date":"2021-02-03T15:29:52","date_gmt":"2021-02-03T15:29:52","guid":{"rendered":"https:\/\/adhd-women.eu\/?page_id=784"},"modified":"2021-02-05T15:02:52","modified_gmt":"2021-02-05T15:02:52","slug":"anzeichen","status":"publish","type":"page","link":"https:\/\/adhd-women.eu\/de\/adhs-bei-frauen\/anzeichen\/","title":{"rendered":"Anzeichen f\u00fcr eine ADHS"},"content":{"rendered":"\n<h2>M\u00e4dchen und Frauen mit ADHS<\/h2>\n\n\n\n<h4>ADHS und ADS<\/h4>\n\n\n\n<p>Der impulsiv-unaufmerksam-hyperaktive Typ (ADHS) bei M\u00e4dchen zeichnet sich schon fr\u00fch durch viel Kraft in der Grobmotorik aus. Dabei werden die betroffenen M\u00e4dchen schnell ungeduldig, wenn die feinmotorische Bewegungskoordination nicht sofort funktioniert. Vielen bereitet das Malen und sp\u00e4ter das Schreiben gro\u00dfe M\u00fche. Geplappert wird viel, oft zu viel, typischerweise vom einen zum n\u00e4chsten springend, nicht selten, ohne aufh\u00f6ren zu k\u00f6nnen. Wie auch Jungs mit ADHS f\u00e4llt es den M\u00e4dchen schwer, nachvollziehbar und zusammenh\u00e4ngend \u00fcber etwas Erlebtes zu berichten. Mit dem Schulbeginn wird der impulsive, oberfl\u00e4chlich-springende Wahrnehmungsstil auff\u00e4llig, der sowohl im Lern- und Leistungsbereich als auch der Selbstorganisation Probleme schafft. Leider bewirken Appelle wie \u201eSchau doch mal richtig hin!\u201c nichts, wobei dasselbe M\u00e4dchen, das nie wei\u00df, wo die eigenen Spielsachen sind, der Mama \u00e4u\u00dferst erfolgreich dabei helfen kann, die von ihrem verlegten Schl\u00fcssel zu finden.<\/p>\n\n\n\n<p>Das vorwiegend unaufmerksame M\u00e4dchen (ADS) f\u00e4llt im Vorschulalter meist noch nicht auf, wenn die Symptomatik nicht allzu stark ausgepr\u00e4gt ist. Allerdings wirken die vertr\u00e4umten M\u00e4dchen oft unbeholfen und langsam. M\u00e4dchen wie Jungen mit ADS bekommen durch ihre Reizoffenheit mehr mit als andere Kinder, ihre Augen und Ohren sind \u00fcberall. Manche ADS-Kinder saugen auf diese Weise auch die Stimmung ihrer Umgebung f\u00f6rmlich auf, sie sind regelrechte Seismographen der Stimmung ihrer Eltern. Vor allem M\u00e4dchen entwickeln daher h\u00e4ufig \u00c4ngste, ihrer Umgebung nicht zu gen\u00fcgen, da sie l\u00e4nger brauchen, bis sie in einer Situation den \u00dcberblick haben und sich orientieren k\u00f6nnen. Aufgrund des fehlenden \u00dcberblicks f\u00fchlen sich ADS-M\u00e4dchen nicht selten unsicher. Sie k\u00f6nnen sich nur schwer, oft nur spontan oder gar nicht entscheiden. Werden die Betroffenen zudem gedr\u00e4ngt, kritisiert oder man schimpft gar mit ihnen, so geht meist gar nichts mehr. Keinesfalls ist jedes M\u00e4dchen oder jede Frau mit AD(H)S prim\u00e4r ein unaufmerksames und langsames \u201eTr\u00e4umerchen\u201c.<\/p>\n\n\n\n<p>Manche M\u00e4dchen mit ADHS fallen schon fr\u00fch durch eine Tendenz auf, im Mittelpunkt stehen zu wollen, aufmerksamkeitsheischend zu sein, immer das letzte Wort haben zu wollen, \u00fcberm\u00e4\u00dfig kontaktfreudig oder gar distanzlos zu wirken. Sich nicht fremdbestimmt von einer Situation sogleich auf die n\u00e4chste umstellen zu k\u00f6nnen, ist ein h\u00e4ufiges Problem bei ADHS und betrifft M\u00e4dchen und Frauen im gleichen Ma\u00dfe wie Jungen und M\u00e4nner. Zudem haben ADHS- Betroffene nicht selten gro\u00dfe Schwierigkeiten, Wissen und Erfahrungen unter Stress spontan abzurufen. Daher erleben sie sich bereits in fr\u00fchen Kindertagen als vorgef\u00fchrt und blo\u00dfgestellt. Fast alle M\u00e4dchen mit ADHS f\u00fchlen sich daher fr\u00fcher oder sp\u00e4ter \u201eanders\u201c als andere und nehmen sich bisweilen selbst als komisch, dumm, faul oder gar verr\u00fcckt wahr. Der Einfachheit halber verwenden wir im Folgenden nur noch die Bezeichnung ADHS und subsumieren darunter beide Erscheinungsbilder der St\u00f6rung.<\/p>\n\n\n\n<h4>Gef\u00fchle, Bed\u00fcrfnisse und Entt\u00e4uschungen<\/h4>\n\n\n\n<p>Zugleich wollen es viele M\u00e4dchen und Frauen mit ADHS allen rechtmachen, sie wollen helfen und gebraucht werden. So k\u00f6nnen viele der Betroffenen schlecht \u201eNein\u201c sagen, wenn sie um etwas gebeten werden. Dabei lassen sie sich f\u00fcr die Anerkennung in der Gemeinschaft bisweilen auch ausnutzen. Das Bed\u00fcrfnis der M\u00e4dchen und Frauen mit ADHS nach Harmonie, Sicherheit und Ordnung ist meist deutlich st\u00e4rker ausgepr\u00e4gt als bei Jungen und M\u00e4nnern mit ADHS, auch wenn es den weiblichen Betroffenen gleichfalls h\u00e4ufig nicht gelingt, diese Ordnung und Harmonie in ihrem Leben zu schaffen. So bestehen bei ADHS-Betroffenen \u2013 wie bei den meisten Menschen \u2013 facettenreiche Erwartungen an das Umfeld, die allerdings am Ende einer langen Geschichte von Ermahnungen, Zurecht- und Zur\u00fcckweisungen nicht mehr oder allenfalls vage formuliert werden, um sich vor dem v\u00f6lligen Gef\u00fchlsabsturz und totaler Entt\u00e4uschung zu sch\u00fctzen. Auffallend ist, dass M\u00e4dchen und Frauen mit ADHS meist z\u00e4her sind als M\u00e4nner, regelrechte \u201eStehauffrauen\u201c, die immer wieder auf die Beine kommen, auch wenn sie bittere Schicksalsschl\u00e4ge hinnehmen mussten. Berichten die Betroffenen in einem freundlichen Kontakt dem professionellen Gegen\u00fcber (zum Beispiel \u00c4rzten und Therapeuten) \u00fcber ihre Erfahrungen, so tun sie das nicht selten in einer souver\u00e4n wirkenden Haltung. Deswegen h\u00e4lt man sie oft f\u00fcr stark und durchsetzungsf\u00e4hig. Dennoch leben viele Frauen mit ADHS h\u00e4ufig am Rande ihrer Kr\u00e4fte, f\u00fchlen sich hilflos und ersch\u00f6pft. Dann verlieren sie bisweilen die Kontrolle \u00fcber ihre Gef\u00fchle, was bei der ADHS, dem Syndrom der Extreme, blitzartig erfolgen kann. Die Umwelt reagiert auf solches Gef\u00fchlsausbr\u00fcche gleicherma\u00dfen rasch mit einem harten Urteil: Die Betroffenen werden als unberechenbar, st\u00e4ndig jammernd oder depressiv eingesch\u00e4tzt.<\/p>\n\n\n\n<p>Hier finden Sie einen Fragebogen zu ADHS bei Erwachsenen. Wir weisen ausdr\u00fccklich darauf hin, dass dieser Test lediglich einen Verdachtsmoment f\u00fcr ADHS ergibt.<\/p>\n\n\n\n<p>Keinesfalls l\u00e4sst sich eine ADHS lediglich anhand des Tests einwandfrei diagnostizieren.<\/p>\n\n\n\n<p><a href=\"https:\/\/praxis-neuy.de\/wp-content\/uploads\/2017\/12\/ads_fragebogen_erwachsene.pdf\">https:\/\/praxis-neuy.de\/wp-content\/uploads\/2017\/12\/ads_fragebogen_erwachsene.pdf<\/a><\/p>\n\n\n\n<p>Autorin: Dr. Astrid Neuy-Lobkowicz<\/p>\n<div class=\"sharedaddy sd-sharing-enabled\"><div class=\"robots-nocontent sd-block sd-social sd-social-official sd-sharing\"><div class=\"sd-content\"><ul><li class=\"share-twitter\"><a href=\"https:\/\/twitter.com\/share\" class=\"twitter-share-button\" data-url=\"https:\/\/adhd-women.eu\/de\/adhs-bei-frauen\/anzeichen\/\" data-text=\"Anzeichen f\u00fcr eine ADHS\" data-via=\"WomenADHD\" >Tweet<\/a><\/li><li class=\"share-facebook\"><div class=\"fb-share-button\" data-href=\"https:\/\/adhd-women.eu\/de\/adhs-bei-frauen\/anzeichen\/\" data-layout=\"button_count\"><\/div><\/li><li class=\"share-linkedin\"><div class=\"linkedin_button\"><script type=\"in\/share\" data-url=\"https:\/\/adhd-women.eu\/de\/adhs-bei-frauen\/anzeichen\/\" data-counter=\"right\"><\/script><\/div><\/li><li class=\"share-reddit\"><div class=\"reddit_button\"><iframe src=\"https:\/\/www.reddit.com\/static\/button\/button1.html?newwindow=true&width=120&amp;url=https%3A%2F%2Fadhd-women.eu%2Fde%2Fadhs-bei-frauen%2Fanzeichen%2F&amp;title=Anzeichen%20f%C3%BCr%20eine%20ADHS\" height=\"22\" width=\"120\" scrolling=\"no\" frameborder=\"0\"><\/iframe><\/div><\/li><li><a href=\"#\" class=\"sharing-anchor sd-button share-more\"><span>Mehr<\/span><\/a><\/li><li class=\"share-end\"><\/li><\/ul><div class=\"sharing-hidden\"><div class=\"inner\" style=\"display: none;\"><ul><li class=\"share-pinterest\"><div class=\"pinterest_button\"><a href=\"https:\/\/www.pinterest.com\/pin\/create\/button\/?url=https%3A%2F%2Fadhd-women.eu%2Fde%2Fadhs-bei-frauen%2Fanzeichen%2F&#038;media=https%3A%2F%2Fadhd-women.eu%2Fwp-content%2Fuploads%2F2020%2F10%2Fcropped-ADHD-in-Women-2-150x150.png&#038;description=Anzeichen%20f%C3%BCr%20eine%20ADHS\" data-pin-do=\"buttonPin\" data-pin-config=\"beside\"><img src=\"\/\/assets.pinterest.com\/images\/pidgets\/pinit_fg_en_rect_gray_20.png\" \/><\/a><\/div><\/li><li class=\"share-tumblr\"><a class=\"tumblr-share-button\" target=\"_blank\" href=\"https:\/\/www.tumblr.com\/share\" data-title=\"Anzeichen f\u00fcr eine ADHS\" data-content=\"https:\/\/adhd-women.eu\/de\/adhs-bei-frauen\/anzeichen\/\" title=\"Auf Tumblr teilen\"data-posttype=\"link\">Auf Tumblr teilen<\/a><\/li><li class=\"share-end\"><\/li><li class=\"share-jetpack-whatsapp\"><a rel=\"nofollow noopener noreferrer\" data-shared=\"\" class=\"share-jetpack-whatsapp sd-button\" href=\"https:\/\/adhd-women.eu\/de\/adhs-bei-frauen\/anzeichen\/?share=jetpack-whatsapp\" target=\"_blank\" title=\"Klicken, um auf WhatsApp zu teilen\"><span>WhatsApp<\/span><\/a><\/li><li class=\"share-email\"><a rel=\"nofollow noopener noreferrer\" data-shared=\"\" class=\"share-email sd-button\" href=\"https:\/\/adhd-women.eu\/de\/adhs-bei-frauen\/anzeichen\/?share=email\" target=\"_blank\" title=\"Klick, um dies einem Freund per E-Mail zu senden\"><span>E-Mail<\/span><\/a><\/li><li class=\"share-end\"><\/li><li class=\"share-end\"><\/li><\/ul><\/div><\/div><\/div><\/div><\/div>","protected":false},"excerpt":{"rendered":"<p>M\u00e4dchen und Frauen mit ADHS ADHS und ADS Der impulsiv-unaufmerksam-hyperaktive Typ (ADHS) bei M\u00e4dchen zeichnet sich schon fr\u00fch durch viel Kraft in der Grobmotorik aus. Dabei werden die betroffenen M\u00e4dchen schnell ungeduldig, wenn die feinmotorische Bewegungskoordination nicht sofort funktioniert. Vielen bereitet das Malen und sp\u00e4ter das Schreiben gro\u00dfe M\u00fche. Geplappert wird viel, oft zu viel,&hellip;&nbsp;<\/p>\n<div class=\"read-more-wrapper\" style=\"padding: 10px 0 0;\"><a href=\"https:\/\/adhd-women.eu\/de\/adhs-bei-frauen\/anzeichen\/\" class=\"button button-primary\" rel=\"bookmark\">Weiterlesen &raquo;<span class=\"screen-reader-text\">Anzeichen f\u00fcr eine ADHS<\/span><\/a><\/div>\n<div class=\"sharedaddy sd-sharing-enabled\"><div class=\"robots-nocontent sd-block sd-social sd-social-official sd-sharing\"><div class=\"sd-content\"><ul><li class=\"share-twitter\"><a href=\"https:\/\/twitter.com\/share\" class=\"twitter-share-button\" data-url=\"https:\/\/adhd-women.eu\/de\/adhs-bei-frauen\/anzeichen\/\" data-text=\"Anzeichen f\u00fcr eine ADHS\" data-via=\"WomenADHD\" >Tweet<\/a><\/li><li class=\"share-facebook\"><div class=\"fb-share-button\" data-href=\"https:\/\/adhd-women.eu\/de\/adhs-bei-frauen\/anzeichen\/\" data-layout=\"button_count\"><\/div><\/li><li class=\"share-linkedin\"><div class=\"linkedin_button\"><script type=\"in\/share\" data-url=\"https:\/\/adhd-women.eu\/de\/adhs-bei-frauen\/anzeichen\/\" data-counter=\"right\"><\/script><\/div><\/li><li class=\"share-reddit\"><div class=\"reddit_button\"><iframe src=\"https:\/\/www.reddit.com\/static\/button\/button1.html?newwindow=true&width=120&amp;url=https%3A%2F%2Fadhd-women.eu%2Fde%2Fadhs-bei-frauen%2Fanzeichen%2F&amp;title=Anzeichen%20f%C3%BCr%20eine%20ADHS\" height=\"22\" width=\"120\" scrolling=\"no\" frameborder=\"0\"><\/iframe><\/div><\/li><li><a href=\"#\" class=\"sharing-anchor sd-button share-more\"><span>Mehr<\/span><\/a><\/li><li class=\"share-end\"><\/li><\/ul><div class=\"sharing-hidden\"><div class=\"inner\" style=\"display: none;\"><ul><li class=\"share-pinterest\"><div class=\"pinterest_button\"><a href=\"https:\/\/www.pinterest.com\/pin\/create\/button\/?url=https%3A%2F%2Fadhd-women.eu%2Fde%2Fadhs-bei-frauen%2Fanzeichen%2F&#038;media=https%3A%2F%2Fadhd-women.eu%2Fwp-content%2Fuploads%2F2020%2F10%2Fcropped-ADHD-in-Women-2-150x150.png&#038;description=Anzeichen%20f%C3%BCr%20eine%20ADHS\" data-pin-do=\"buttonPin\" data-pin-config=\"beside\"><img src=\"\/\/assets.pinterest.com\/images\/pidgets\/pinit_fg_en_rect_gray_20.png\" \/><\/a><\/div><\/li><li class=\"share-tumblr\"><a class=\"tumblr-share-button\" target=\"_blank\" href=\"https:\/\/www.tumblr.com\/share\" data-title=\"Anzeichen f\u00fcr eine ADHS\" data-content=\"https:\/\/adhd-women.eu\/de\/adhs-bei-frauen\/anzeichen\/\" title=\"Auf Tumblr teilen\"data-posttype=\"link\">Auf Tumblr teilen<\/a><\/li><li class=\"share-end\"><\/li><li class=\"share-jetpack-whatsapp\"><a rel=\"nofollow noopener noreferrer\" data-shared=\"\" class=\"share-jetpack-whatsapp sd-button\" href=\"https:\/\/adhd-women.eu\/de\/adhs-bei-frauen\/anzeichen\/?share=jetpack-whatsapp\" target=\"_blank\" title=\"Klicken, um auf WhatsApp zu teilen\"><span>WhatsApp<\/span><\/a><\/li><li class=\"share-email\"><a rel=\"nofollow noopener noreferrer\" data-shared=\"\" class=\"share-email sd-button\" href=\"https:\/\/adhd-women.eu\/de\/adhs-bei-frauen\/anzeichen\/?share=email\" target=\"_blank\" title=\"Klick, um dies einem Freund per E-Mail zu senden\"><span>E-Mail<\/span><\/a><\/li><li class=\"share-end\"><\/li><li class=\"share-end\"><\/li><\/ul><\/div><\/div><\/div><\/div><\/div>","protected":false},"author":1,"featured_media":0,"parent":780,"menu_order":0,"comment_status":"closed","ping_status":"closed","template":"","meta":{"neve_meta_sidebar":"full-width","neve_meta_container":"","neve_meta_enable_content_width":"on","neve_meta_content_width":100,"neve_meta_title_alignment":"","neve_meta_author_avatar":"","neve_post_elements_order":"","neve_meta_disable_header":"","neve_meta_disable_footer":"","neve_meta_disable_title":"","neve_meta_reading_time":"","_ti_tpc_template_sync":false,"_ti_tpc_template_id":"","spay_email":""},"jetpack_sharing_enabled":true,"_links":{"self":[{"href":"https:\/\/adhd-women.eu\/de\/wp-json\/wp\/v2\/pages\/784"}],"collection":[{"href":"https:\/\/adhd-women.eu\/de\/wp-json\/wp\/v2\/pages"}],"about":[{"href":"https:\/\/adhd-women.eu\/de\/wp-json\/wp\/v2\/types\/page"}],"author":[{"embeddable":true,"href":"https:\/\/adhd-women.eu\/de\/wp-json\/wp\/v2\/users\/1"}],"replies":[{"embeddable":true,"href":"https:\/\/adhd-women.eu\/de\/wp-json\/wp\/v2\/comments?post=784"}],"version-history":[{"count":1,"href":"https:\/\/adhd-women.eu\/de\/wp-json\/wp\/v2\/pages\/784\/revisions"}],"predecessor-version":[{"id":785,"href":"https:\/\/adhd-women.eu\/de\/wp-json\/wp\/v2\/pages\/784\/revisions\/785"}],"up":[{"embeddable":true,"href":"https:\/\/adhd-women.eu\/de\/wp-json\/wp\/v2\/pages\/780"}],"wp:attachment":[{"href":"https:\/\/adhd-women.eu\/de\/wp-json\/wp\/v2\/media?parent=784"}],"curies":[{"name":"wp","href":"https:\/\/api.w.org\/{rel}","templated":true}]}}