{"id":798,"date":"2021-02-05T15:57:05","date_gmt":"2021-02-05T15:57:05","guid":{"rendered":"https:\/\/adhd-women.eu\/?page_id=798"},"modified":"2021-02-05T15:57:06","modified_gmt":"2021-02-05T15:57:06","slug":"buecherliste","status":"publish","type":"page","link":"https:\/\/adhd-women.eu\/de\/buecherliste\/","title":{"rendered":"B\u00fccherliste"},"content":{"rendered":"\n<h2><strong>Literatur zu ADHS und Frauen<\/strong><\/h2>\n\n\n\n<div class=\"wp-block-columns\">\n<div class=\"wp-block-column\" style=\"flex-basis:33.33%\">\n<div class=\"wp-block-image\"><figure class=\"aligncenter size-large is-resized\"><img loading=\"lazy\" src=\"https:\/\/images-na.ssl-images-amazon.com\/images\/I\/41iZDcoihgL._SX319_BO1,204,203,200_.jpg\" alt=\"\" width=\"310\" height=\"482\"\/><\/figure><\/div>\n<\/div>\n\n\n\n<div class=\"wp-block-column\" style=\"flex-basis:66.66%\">\n<h3>ADHS bei Frauen<br><em>den Gef\u00fchlen ausgeliefert<\/em><\/h3>\n\n\n\n<h5>Doris Ryffel-Rawak<\/h5>\n\n\n\n<p>ISBN-13-978-3-456-85824-1<br>Herausgeber: Hogrefe AG, 4. Aktualisierte und erg\u00e4nzte Edition (2017)<br>Preis: 19,95 \u20ac<\/p>\n\n\n\n<p>Beschreibung:<br>M\u00e4dchen mit ADHS fehlt h\u00e4ufig das Symptom Hyperaktivit\u00e4t mit den Folgen, dass ihre erheblichen Schwierigkeiten nicht mit dem St\u00f6rungsbild in Verbindung gebracht werden. Die Misserfolge h\u00e4ufen sich, das Teenageralter verl\u00e4uft chaotisch. Als Erwachsene leiden sie unter Depressionen oder Angstst\u00f6rungen. Dieses Buch ist ein Pl\u00e4doyer f\u00fcr die verst\u00e4rkte Wahrnehmung einer weiblichen ADHS.<\/p>\n<\/div>\n<\/div>\n\n\n\n<div class=\"wp-block-columns\">\n<div class=\"wp-block-column\" style=\"flex-basis:66.66%\">\n<h3>A Radical Guide for Women with ADHD<br><em>Embrace Neurodiversity, Live Boldy, and Break Through Barrier<\/em>s<\/h3>\n\n\n\n<h5>Sari Solden<\/h5>\n\n\n\n<p>ISBN: 978-1-68-403261-7<br>Herausgeber: New Harbinger, 1. Edition (2019)<br>Preis: 19,68 \u20ac<\/p>\n\n\n\n<p>Beschreibung:<br>A Radical Guide for Women with ADHD&nbsp;is the first guided workbook for women with ADHD designed to break the cycle of negative self-talk and shame-based narratives that stem from the common and limiting belief that brain differences are character flaws. In this unique guide, you\u2019ll find a groundbreaking approach that blends traditional ADHD treatment with contemporary treatment methods, such as acceptance and commitment therapy (ACT), to help you untangle yourself from the beliefs that have kept you from reaching your potential in life.<\/p>\n<\/div>\n\n\n\n<div class=\"wp-block-column\" style=\"flex-basis:33.33%\">\n<div class=\"wp-block-image\"><figure class=\"aligncenter size-large\"><img loading=\"lazy\" width=\"320\" height=\"400\" src=\"https:\/\/adhd-women.eu\/wp-content\/uploads\/2021\/02\/518wAc0n6dL._AC_SY400_.jpg\" alt=\"\" class=\"wp-image-799\" srcset=\"https:\/\/adhd-women.eu\/wp-content\/uploads\/2021\/02\/518wAc0n6dL._AC_SY400_.jpg 320w, https:\/\/adhd-women.eu\/wp-content\/uploads\/2021\/02\/518wAc0n6dL._AC_SY400_-240x300.jpg 240w\" sizes=\"(max-width: 320px) 100vw, 320px\" \/><\/figure><\/div>\n<\/div>\n<\/div>\n\n\n\n<div class=\"wp-block-columns\">\n<div class=\"wp-block-column\" style=\"flex-basis:33.33%\">\n<div class=\"wp-block-image\"><figure class=\"aligncenter size-large is-resized\"><img loading=\"lazy\" src=\"https:\/\/adhd-women.eu\/wp-content\/uploads\/2021\/02\/41BNekCPnkL._SY346_-2.jpg\" alt=\"\" class=\"wp-image-806\" width=\"324\" height=\"505\" srcset=\"https:\/\/adhd-women.eu\/wp-content\/uploads\/2021\/02\/41BNekCPnkL._SY346_-2.jpg 222w, https:\/\/adhd-women.eu\/wp-content\/uploads\/2021\/02\/41BNekCPnkL._SY346_-2-192x300.jpg 192w\" sizes=\"(max-width: 324px) 100vw, 324px\" \/><\/figure><\/div>\n<\/div>\n\n\n\n<div class=\"wp-block-column\" style=\"flex-basis:66.66%\">\n<h3>Bruchlandung auf Wolke 7<br><em>Mit ADS und ADHS auf der Suche nach der ganz gro\u00dfen Liebe<\/em><\/h3>\n\n\n\n<h5>Mina Teichert<\/h5>\n\n\n\n<p>ISBN: 978-3-95910-207-0<br>Verlag: Eden Books, 1. Auflage (2019)<br>Preis: 14,95 \u20ac<\/p>\n\n\n\n<p>Beschreibung:<br>Mina Teichert widmet sich in ihrem neuen Buch dem Thema Liebe. Wie wir alle, sind nat\u00fcrlich auch AD(H)Sler auf der Suche nach dem Menschen f\u00fcrs Leben. Den zu finden, wenn man unter einer Aufmerksamkeitsdefizitst\u00f6rung leidet, ist gar nicht so einfach und bietet viel Raum f\u00fcr verr\u00fcckte, lustige, aber auch ernste Erfahrungen und Gedanken, die man sich macht, wenn man ohne Bruchlandung auf Wolke 7 ankommen m\u00f6chte.&nbsp;<\/p>\n<\/div>\n<\/div>\n\n\n\n<div class=\"wp-block-columns\">\n<div class=\"wp-block-column\" style=\"flex-basis:66.66%\">\n<h3>Essst\u00f6rungen und Pers\u00f6nlichkeit<br><em>Magersucht, Bulimie und \u00dcbergewicht &#8211; Warum Essen und Hungern zur Sucht werden<\/em><\/h3>\n\n\n\n<h5>Helga Simchen<\/h5>\n\n\n\n<p>ISBN-13-978-3-17-039750-7<br>Verlag: Kohlhammer, 3. Auflage (2020)<br>Preis: 29,00 \u20ac<\/p>\n\n\n\n<p>Beschreibung:<br>Viele \u00c4rzte und Psychologen haben Essst\u00f6rungen bisher zumeist als eine Folge von Beziehungsst\u00f6rungen oder schwerer, psychisch belastender Ereignisse in der Kindheit angesehen. Inzwischen zeigt die Forschung jedoch, dass diese Sichtweise \u00fcberholt ist. Tats\u00e4chlich sind Essst\u00f6rungen mit Krankheitswert &#8211; die zumeist auf einer genetisch bedingten und somit vererbten Pers\u00f6nlichkeitsvariante beruhen &#8211; in aller Regel frustbedingte, automatisch ablaufende Fehlreaktionen, die dem Abreagieren unertr\u00e4glicher Wahrnehmungs- und Gef\u00fchlszust\u00e4nde dienen und die sich \u00fcber Jahre hinweg zu einem zwanghaften Suchtverhalten entwickeln. Die Autorin erl\u00e4utert die Ursachen und Behandlungsm\u00f6glichkeiten von Kindern und Jugendlichen mit Magersucht, Bulimie und Adipositas fachlich versiert und anschaulich. Dabei geht sie auch dem Zusammenhang von AD(H)S und Essst\u00f6rungen nach<\/p>\n<\/div>\n\n\n\n<div class=\"wp-block-column\" style=\"flex-basis:33.33%\">\n<div class=\"wp-block-image\"><figure class=\"aligncenter size-large\"><img loading=\"lazy\" width=\"334\" height=\"499\" src=\"https:\/\/adhd-women.eu\/wp-content\/uploads\/2021\/02\/41W3jTAvURL._SX332_BO1204203200_.jpg\" alt=\"\" class=\"wp-image-811\" srcset=\"https:\/\/adhd-women.eu\/wp-content\/uploads\/2021\/02\/41W3jTAvURL._SX332_BO1204203200_.jpg 334w, https:\/\/adhd-women.eu\/wp-content\/uploads\/2021\/02\/41W3jTAvURL._SX332_BO1204203200_-201x300.jpg 201w\" sizes=\"(max-width: 334px) 100vw, 334px\" \/><\/figure><\/div>\n<\/div>\n<\/div>\n\n\n\n<div class=\"wp-block-columns\">\n<div class=\"wp-block-column\" style=\"flex-basis:33.33%\">\n<div class=\"wp-block-image\"><figure class=\"aligncenter size-large is-resized\"><img loading=\"lazy\" src=\"https:\/\/adhd-women.eu\/wp-content\/uploads\/2021\/02\/download-2.jpg\" alt=\"\" class=\"wp-image-816\" width=\"312\" height=\"479\"\/><\/figure><\/div>\n<\/div>\n\n\n\n<div class=\"wp-block-column\" style=\"flex-basis:66.66%\">\n<h3>Lass mich, doch verlass mich nicht<br><em>ADHS und Partnerschaft<\/em><\/h3>\n\n\n\n<h5>Cordula Neuhaus<\/h5>\n\n\n\n<p>ISBN-13-978-3-423-34106-6<br>Verlag: Deutscher Taschenbuch Verlag (2005)<br>Preis: 9,90 \u20ac<\/p>\n\n\n\n<p>Beschreibung:<br>Die Ehezufriedenheit bei Erwachsenen mit ADHS soll niedriger sein als bei Nichtbetroffenen, die Trennungs- und Scheidungsrate dagegen deutlich h\u00f6her!<br>Cordula Neuhaus widmet sich einem der schmerzhaftesten Problembereiche der Betroffenen, gibt konkrete Hilfsmittel f\u00fcr ein entspannteres Miteinander und zeigt, wie sich trotzdem tragf\u00e4hige Partnerschaften aufbauen lassen.<\/p>\n<\/div>\n<\/div>\n\n\n\n<div class=\"wp-block-columns\">\n<div class=\"wp-block-column\" style=\"flex-basis:66.66%\">\n<h3>Neben der Spur, aber auf dem Weg<br><em>Warum ADS und ADHS nicht das Ende der Welt sind<\/em><\/h3>\n\n\n\n<h5>Mina Teichert<\/h5>\n\n\n\n<p>ISBN: 978-3-95910-175-2<br>Verlag: Eden Books, 1. Auflage (2018)<br>Preis: 9,95 \u20ac<\/p>\n\n\n\n<p>Beschreibung:<br>Mina Teichert gibt einen Einblick in die Krankheitsbilder ADS und ADHS, erkl\u00e4rt, warum eine solche Diagnose gerade bei M\u00e4dchen h\u00e4ufig sehr sp\u00e4t gestellt wird welche Therapieformen es gibt und wie man mit ADS im Erwachsenenalter umgehen kann.<\/p>\n<\/div>\n\n\n\n<div class=\"wp-block-column\" style=\"flex-basis:33.33%\">\n<div class=\"wp-block-image\"><figure class=\"aligncenter size-large is-resized\"><img loading=\"lazy\" src=\"https:\/\/adhd-women.eu\/wp-content\/uploads\/2021\/02\/download-3.jpg\" alt=\"\" class=\"wp-image-820\" width=\"280\" height=\"425\"\/><\/figure><\/div>\n<\/div>\n<\/div>\n<div class=\"sharedaddy sd-sharing-enabled\"><div class=\"robots-nocontent sd-block sd-social sd-social-official sd-sharing\"><div class=\"sd-content\"><ul><li class=\"share-twitter\"><a href=\"https:\/\/twitter.com\/share\" class=\"twitter-share-button\" data-url=\"https:\/\/adhd-women.eu\/de\/buecherliste\/\" data-text=\"B\u00fccherliste\" data-via=\"WomenADHD\" >Tweet<\/a><\/li><li class=\"share-facebook\"><div class=\"fb-share-button\" data-href=\"https:\/\/adhd-women.eu\/de\/buecherliste\/\" data-layout=\"button_count\"><\/div><\/li><li class=\"share-linkedin\"><div class=\"linkedin_button\"><script type=\"in\/share\" data-url=\"https:\/\/adhd-women.eu\/de\/buecherliste\/\" data-counter=\"right\"><\/script><\/div><\/li><li class=\"share-reddit\"><div class=\"reddit_button\"><iframe src=\"https:\/\/www.reddit.com\/static\/button\/button1.html?newwindow=true&width=120&amp;url=https%3A%2F%2Fadhd-women.eu%2Fde%2Fbuecherliste%2F&amp;title=B%C3%BCcherliste\" height=\"22\" width=\"120\" scrolling=\"no\" frameborder=\"0\"><\/iframe><\/div><\/li><li><a href=\"#\" class=\"sharing-anchor sd-button share-more\"><span>Mehr<\/span><\/a><\/li><li class=\"share-end\"><\/li><\/ul><div class=\"sharing-hidden\"><div class=\"inner\" style=\"display: none;\"><ul><li class=\"share-pinterest\"><div class=\"pinterest_button\"><a href=\"https:\/\/www.pinterest.com\/pin\/create\/button\/?url=https%3A%2F%2Fadhd-women.eu%2Fde%2Fbuecherliste%2F&#038;media=https%3A%2F%2Fadhd-women.eu%2Fwp-content%2Fuploads%2F2021%2F02%2F41BNekCPnkL._SY346_-2.jpg&#038;description=B%C3%BCcherliste\" data-pin-do=\"buttonPin\" data-pin-config=\"beside\"><img src=\"\/\/assets.pinterest.com\/images\/pidgets\/pinit_fg_en_rect_gray_20.png\" \/><\/a><\/div><\/li><li class=\"share-tumblr\"><a class=\"tumblr-share-button\" target=\"_blank\" href=\"https:\/\/www.tumblr.com\/share\" data-title=\"B\u00fccherliste\" data-content=\"https:\/\/adhd-women.eu\/de\/buecherliste\/\" title=\"Auf Tumblr teilen\"data-posttype=\"link\">Auf Tumblr teilen<\/a><\/li><li class=\"share-end\"><\/li><li class=\"share-jetpack-whatsapp\"><a rel=\"nofollow noopener noreferrer\" data-shared=\"\" class=\"share-jetpack-whatsapp sd-button\" href=\"https:\/\/adhd-women.eu\/de\/buecherliste\/?share=jetpack-whatsapp\" target=\"_blank\" title=\"Klicken, um auf WhatsApp zu teilen\"><span>WhatsApp<\/span><\/a><\/li><li class=\"share-email\"><a rel=\"nofollow noopener noreferrer\" data-shared=\"\" class=\"share-email sd-button\" href=\"https:\/\/adhd-women.eu\/de\/buecherliste\/?share=email\" target=\"_blank\" title=\"Klick, um dies einem Freund per E-Mail zu senden\"><span>E-Mail<\/span><\/a><\/li><li class=\"share-end\"><\/li><li class=\"share-end\"><\/li><\/ul><\/div><\/div><\/div><\/div><\/div>","protected":false},"excerpt":{"rendered":"<p>Literatur zu ADHS und Frauen ADHS bei Frauenden Gef\u00fchlen ausgeliefert Doris Ryffel-Rawak ISBN-13-978-3-456-85824-1Herausgeber: Hogrefe AG, 4. Aktualisierte und erg\u00e4nzte Edition (2017)Preis: 19,95 \u20ac Beschreibung:M\u00e4dchen mit ADHS fehlt h\u00e4ufig das Symptom Hyperaktivit\u00e4t mit den Folgen, dass ihre erheblichen Schwierigkeiten nicht mit dem St\u00f6rungsbild in Verbindung gebracht werden. Die Misserfolge h\u00e4ufen sich, das Teenageralter verl\u00e4uft chaotisch. Als&hellip;&nbsp;<\/p>\n<div class=\"read-more-wrapper\" style=\"padding: 10px 0 0;\"><a href=\"https:\/\/adhd-women.eu\/de\/buecherliste\/\" class=\"button button-primary\" rel=\"bookmark\">Weiterlesen &raquo;<span class=\"screen-reader-text\">B\u00fccherliste<\/span><\/a><\/div>\n<div class=\"sharedaddy sd-sharing-enabled\"><div class=\"robots-nocontent sd-block sd-social sd-social-official sd-sharing\"><div class=\"sd-content\"><ul><li class=\"share-twitter\"><a href=\"https:\/\/twitter.com\/share\" class=\"twitter-share-button\" data-url=\"https:\/\/adhd-women.eu\/de\/buecherliste\/\" data-text=\"B\u00fccherliste\" data-via=\"WomenADHD\" >Tweet<\/a><\/li><li class=\"share-facebook\"><div class=\"fb-share-button\" data-href=\"https:\/\/adhd-women.eu\/de\/buecherliste\/\" data-layout=\"button_count\"><\/div><\/li><li class=\"share-linkedin\"><div class=\"linkedin_button\"><script type=\"in\/share\" data-url=\"https:\/\/adhd-women.eu\/de\/buecherliste\/\" data-counter=\"right\"><\/script><\/div><\/li><li class=\"share-reddit\"><div class=\"reddit_button\"><iframe src=\"https:\/\/www.reddit.com\/static\/button\/button1.html?newwindow=true&width=120&amp;url=https%3A%2F%2Fadhd-women.eu%2Fde%2Fbuecherliste%2F&amp;title=B%C3%BCcherliste\" height=\"22\" width=\"120\" scrolling=\"no\" frameborder=\"0\"><\/iframe><\/div><\/li><li><a href=\"#\" class=\"sharing-anchor sd-button share-more\"><span>Mehr<\/span><\/a><\/li><li class=\"share-end\"><\/li><\/ul><div class=\"sharing-hidden\"><div class=\"inner\" style=\"display: none;\"><ul><li class=\"share-pinterest\"><div class=\"pinterest_button\"><a href=\"https:\/\/www.pinterest.com\/pin\/create\/button\/?url=https%3A%2F%2Fadhd-women.eu%2Fde%2Fbuecherliste%2F&#038;media=https%3A%2F%2Fadhd-women.eu%2Fwp-content%2Fuploads%2F2021%2F02%2F41BNekCPnkL._SY346_-2.jpg&#038;description=B%C3%BCcherliste\" data-pin-do=\"buttonPin\" data-pin-config=\"beside\"><img src=\"\/\/assets.pinterest.com\/images\/pidgets\/pinit_fg_en_rect_gray_20.png\" \/><\/a><\/div><\/li><li class=\"share-tumblr\"><a class=\"tumblr-share-button\" target=\"_blank\" href=\"https:\/\/www.tumblr.com\/share\" data-title=\"B\u00fccherliste\" data-content=\"https:\/\/adhd-women.eu\/de\/buecherliste\/\" title=\"Auf Tumblr teilen\"data-posttype=\"link\">Auf Tumblr teilen<\/a><\/li><li class=\"share-end\"><\/li><li class=\"share-jetpack-whatsapp\"><a rel=\"nofollow noopener noreferrer\" data-shared=\"\" class=\"share-jetpack-whatsapp sd-button\" href=\"https:\/\/adhd-women.eu\/de\/buecherliste\/?share=jetpack-whatsapp\" target=\"_blank\" title=\"Klicken, um auf WhatsApp zu teilen\"><span>WhatsApp<\/span><\/a><\/li><li class=\"share-email\"><a rel=\"nofollow noopener noreferrer\" data-shared=\"\" class=\"share-email sd-button\" href=\"https:\/\/adhd-women.eu\/de\/buecherliste\/?share=email\" target=\"_blank\" title=\"Klick, um dies einem Freund per E-Mail zu senden\"><span>E-Mail<\/span><\/a><\/li><li class=\"share-end\"><\/li><li class=\"share-end\"><\/li><\/ul><\/div><\/div><\/div><\/div><\/div>","protected":false},"author":1,"featured_media":0,"parent":0,"menu_order":0,"comment_status":"closed","ping_status":"closed","template":"","meta":{"neve_meta_sidebar":"full-width","neve_meta_container":"","neve_meta_enable_content_width":"on","neve_meta_content_width":100,"neve_meta_title_alignment":"","neve_meta_author_avatar":"","neve_post_elements_order":"","neve_meta_disable_header":"","neve_meta_disable_footer":"","neve_meta_disable_title":"on","neve_meta_reading_time":"","_ti_tpc_template_sync":false,"_ti_tpc_template_id":"","spay_email":""},"jetpack_sharing_enabled":true,"_links":{"self":[{"href":"https:\/\/adhd-women.eu\/de\/wp-json\/wp\/v2\/pages\/798"}],"collection":[{"href":"https:\/\/adhd-women.eu\/de\/wp-json\/wp\/v2\/pages"}],"about":[{"href":"https:\/\/adhd-women.eu\/de\/wp-json\/wp\/v2\/types\/page"}],"author":[{"embeddable":true,"href":"https:\/\/adhd-women.eu\/de\/wp-json\/wp\/v2\/users\/1"}],"replies":[{"embeddable":true,"href":"https:\/\/adhd-women.eu\/de\/wp-json\/wp\/v2\/comments?post=798"}],"version-history":[{"count":10,"href":"https:\/\/adhd-women.eu\/de\/wp-json\/wp\/v2\/pages\/798\/revisions"}],"predecessor-version":[{"id":822,"href":"https:\/\/adhd-women.eu\/de\/wp-json\/wp\/v2\/pages\/798\/revisions\/822"}],"wp:attachment":[{"href":"https:\/\/adhd-women.eu\/de\/wp-json\/wp\/v2\/media?parent=798"}],"curies":[{"name":"wp","href":"https:\/\/api.w.org\/{rel}","templated":true}]}}